{"id":573,"date":"2020-06-03T23:55:26","date_gmt":"2020-06-03T21:55:26","guid":{"rendered":"https:\/\/platiniumrewal.pl\/apartment-buchen\/"},"modified":"2026-01-13T15:40:50","modified_gmt":"2026-01-13T14:40:50","slug":"apartment-buchen","status":"publish","type":"page","link":"https:\/\/platiniumrewal.pl\/de\/apartment-buchen\/","title":{"rendered":"Apartment buchen"},"content":{"rendered":"<div class=\"wpb-content-wrapper\"><p>[vc_row][vc_column width=&#8220;1\/2&#8243;][vc_column_text css=&#8220;&#8220;]<\/p>\n<h3>Reservierung des Appartments<\/h3>\n<h3><strong>Bevor Sie mit der Buchung in 2026 beginnen, lesen Sie bitte die folgende Tabelle, die Sie \u00fcber die Mindesturlaubsdauer informiert:<\/strong><\/h3>\n<table style=\"height: 194px;\" border=\"0\" width=\"588\" cellspacing=\"0\">\n<tbody>\n<tr>\n<td align=\"center\" valign=\"middle\" bgcolor=\"#DDDDDD\"><b>HOCHSAISON<\/b><\/td>\n<td align=\"center\" valign=\"middle\" bgcolor=\"#DDDDDD\"><b>MITTELSAISON<\/b><\/td>\n<td align=\"center\" valign=\"middle\" bgcolor=\"#DDDDDD\"><b>NEBENSAISON<\/b><\/td>\n<\/tr>\n<tr>\n<td style=\"text-align: center;\" align=\"left\" valign=\"middle\" bgcolor=\"#EEEEEE\">26.06.-31.08. SOMMERFERIEN<\/td>\n<td style=\"text-align: center;\" align=\"left\" valign=\"middle\" bgcolor=\"#EEEEEE\">*04.04.-07.04.OSTERN<\/p>\n<p>*01.05.-03.05. MAIFEIERTAGE<\/p>\n<p>04.05.-03.06.<\/p>\n<p>*04.06.-07.06. FRONLEICHNAM<\/p>\n<p>08.06. &#8211; 25.06.<br \/>\n01.09. &#8211; 30.09.<\/p>\n<p>*24.12.2026-01.01.2027 WEIHNACHTEN\/SILVESTER<\/td>\n<td style=\"text-align: center;\" align=\"left\" valign=\"middle\" bgcolor=\"#EEEEEE\">01.02. &#8211; 04.04.<\/p>\n<p>08.04. &#8211; 30.04.<br \/>\n01.10.-23.12.<\/p>\n<p>02.01.-31.01.2027<\/td>\n<\/tr>\n<tr>\n<td align=\"center\" valign=\"middle\" bgcolor=\"#FFFFFF\"><strong>mindestens 5 N\u00e4chte<\/strong><\/p>\n<p>&nbsp;<\/td>\n<td align=\"center\" valign=\"middle\" bgcolor=\"#FFFFFF\"><strong>mindestens 2 N\u00e4chte<\/strong><\/p>\n<p><strong>*mindestens 3 N\u00e4chte<\/strong><\/td>\n<td align=\"center\" valign=\"middle\" bgcolor=\"#FFFFFF\"><strong>eine Nacht<\/strong><\/td>\n<td align=\"center\" valign=\"middle\"><\/td>\n<\/tr>\n<\/tbody>\n<\/table>\n<p>&nbsp;<\/p>\n<p><a href=\"https:\/\/platiniumrewal.pl\/de\/appartements\/\">Hier sehen Sie alle Appartments zur Vermietung<\/a>[\/vc_column_text][\/vc_column][vc_column width=&#8220;1\/2&#8243;][vc_column_text]Eine Online-Reservierung k\u00f6nnen Sie \u00fcber unser KWHotel Reservierungssystem machen. Wenn Sie auf die Schaltfl\u00e4che klicken, \u00f6ffnet sich eine neue Registerkarte im Browser. W\u00e4hlen Sie bitte die Dauer des Aufenthalts und die Anzahl der Personen. Klicken Sie dann bitte auf \u201c<strong>Verf\u00fcgbarkeit pr\u00fcfen<\/strong>\u201d und danach werden Ihnen die Wohnungen angezeigt.<\/p>\n<p>[\/vc_column_text]<div class=\" ubtn-ctn-left \"><a class=\"ubtn-link ult-adjust-bottom-margin ubtn-left ubtn-block \" href=\"https:\/\/be.guestsage.com\/pl\/69b9682f-f19d-4dfe-a10d-12ab06f2b326\" title=\"Direktbuchung im Internet\" target=\"_blank\" rel=\"noopener\" ><button type=\"button\" id=\"ubtn-8980\"  class=\"ubtn ult-adjust-bottom-margin ult-responsive ubtn-block ubtn-fade-bg  none  ubtn-sep-icon ubtn-sep-icon-right-rev  ubtn-left   tooltip-69e34d5047e9f ubtn-block\"  data-hover=\"\" data-border-color=\"\" data-bg=\"#1e73be\" data-hover-bg=\"\" data-border-hover=\"\" data-shadow-hover=\"\" data-shadow-click=\"none\" data-shadow=\"\" data-shd-shadow=\"\"  data-ultimate-target='#ubtn-8980'  data-responsive-json-new='{\"font-size\":\"\",\"line-height\":\"\"}'  style=\"font-family:&#039;Overpass&#039;;font-weight:900;border:none;background: #1e73be;color: #ffffff;\"><span class=\"ubtn-data ubtn-icon\"><i class=\"icomoon-the7-font-the7-clock-01\" style=\"font-size:18px;color:;\"><\/i><\/span><span class=\"ubtn-hover\" style=\"background-color:\"><\/span><span class=\"ubtn-data ubtn-text \" >Direktbuchung im Internet<\/span><\/button><\/a><\/div>[vc_column_text]Wir laden Sie herzlich ein uns auch telefonisch unter der Telefonnummer: <a href=\"tel:+48726502502\">+48 726 502 502<\/a> zu erreichen.<\/p>\n<p>Wir empfehlen Ihnen auch, das <a href=\"https:\/\/platiniumrewal.pl\/de\/kontakt\/\">Online-Formular zu senden<\/a> &#8211; wir beantworten Ihnen so schnell wie m\u00f6glich.[\/vc_column_text][\/vc_column][\/vc_row]<\/p>\n<\/div>","protected":false},"excerpt":{"rendered":"<p>[vc_row][vc_column width=&#8220;1\/2&#8243;][vc_column_text css=&#8220;&#8220;] Reservierung des Appartments Bevor Sie mit der Buchung in 2026 beginnen, lesen Sie bitte die folgende Tabelle, die Sie \u00fcber die Mindesturlaubsdauer informiert: HOCHSAISON MITTELSAISON NEBENSAISON 26.06.-31.08. SOMMERFERIEN *04.04.-07.04.OSTERN *01.05.-03.05. MAIFEIERTAGE 04.05.-03.06. *04.06.-07.06. FRONLEICHNAM 08.06. &#8211; 25.06. 01.09. &#8211; 30.09. *24.12.2026-01.01.2027 WEIHNACHTEN\/SILVESTER 01.02. &#8211; 04.04. 08.04. &#8211; 30.04. 01.10.-23.12. 02.01.-31.01.2027 mindestens 5&hellip;<\/p>\n","protected":false},"author":1,"featured_media":0,"parent":0,"menu_order":0,"comment_status":"closed","ping_status":"closed","template":"","meta":{"footnotes":""},"class_list":["post-573","page","type-page","status-publish","hentry","description-off"],"yoast_head":"<!-- This site is optimized with the Yoast SEO plugin v26.2 - https:\/\/yoast.com\/wordpress\/plugins\/seo\/ -->\n<title>Apartment buchen &#8211; Platinium Rewal Aparthotel<\/title>\n<meta name=\"robots\" content=\"index, follow, max-snippet:-1, max-image-preview:large, max-video-preview:-1\" \/>\n<link rel=\"canonical\" href=\"https:\/\/platiniumrewal.pl\/de\/apartment-buchen\/\" \/>\n<meta property=\"og:locale\" content=\"de_DE\" \/>\n<meta property=\"og:type\" content=\"article\" \/>\n<meta property=\"og:title\" content=\"Apartment buchen &#8211; Platinium Rewal Aparthotel\" \/>\n<meta property=\"og:description\" content=\"[vc_row][vc_column width=&#8220;1\/2&#8243;][vc_column_text css=&#8220;&#8220;] Reservierung des Appartments Bevor Sie mit der Buchung in 2026 beginnen, lesen Sie bitte die folgende Tabelle, die Sie \u00fcber die Mindesturlaubsdauer informiert: HOCHSAISON MITTELSAISON NEBENSAISON 26.06.-31.08. SOMMERFERIEN *04.04.-07.04.OSTERN *01.05.-03.05. MAIFEIERTAGE 04.05.-03.06. *04.06.-07.06. FRONLEICHNAM 08.06. &#8211; 25.06. 01.09. &#8211; 30.09. *24.12.2026-01.01.2027 WEIHNACHTEN\/SILVESTER 01.02. &#8211; 04.04. 08.04. &#8211; 30.04. 01.10.-23.12. 02.01.-31.01.2027 mindestens 5&hellip;\" \/>\n<meta property=\"og:url\" content=\"https:\/\/platiniumrewal.pl\/de\/apartment-buchen\/\" \/>\n<meta property=\"og:site_name\" content=\"Platinium Rewal Aparthotel\" \/>\n<meta property=\"article:modified_time\" content=\"2026-01-13T14:40:50+00:00\" \/>\n<meta name=\"twitter:card\" content=\"summary_large_image\" \/>\n<meta name=\"twitter:label1\" content=\"Gesch\u00e4tzte Lesezeit\" \/>\n\t<meta name=\"twitter:data1\" content=\"1\u00a0Minute\" \/>\n<script type=\"application\/ld+json\" class=\"yoast-schema-graph\">{\"@context\":\"https:\/\/schema.org\",\"@graph\":[{\"@type\":\"WebPage\",\"@id\":\"https:\/\/platiniumrewal.pl\/de\/apartment-buchen\/\",\"url\":\"https:\/\/platiniumrewal.pl\/de\/apartment-buchen\/\",\"name\":\"Apartment buchen &#8211; Platinium Rewal Aparthotel\",\"isPartOf\":{\"@id\":\"https:\/\/platiniumrewal.pl\/de\/#website\"},\"datePublished\":\"2020-06-03T21:55:26+00:00\",\"dateModified\":\"2026-01-13T14:40:50+00:00\",\"breadcrumb\":{\"@id\":\"https:\/\/platiniumrewal.pl\/de\/apartment-buchen\/#breadcrumb\"},\"inLanguage\":\"de\",\"potentialAction\":[{\"@type\":\"ReadAction\",\"target\":[\"https:\/\/platiniumrewal.pl\/de\/apartment-buchen\/\"]}]},{\"@type\":\"BreadcrumbList\",\"@id\":\"https:\/\/platiniumrewal.pl\/de\/apartment-buchen\/#breadcrumb\",\"itemListElement\":[{\"@type\":\"ListItem\",\"position\":1,\"name\":\"Strona g\u0142\u00f3wna\",\"item\":\"https:\/\/platiniumrewal.pl\/de\/\"},{\"@type\":\"ListItem\",\"position\":2,\"name\":\"Apartment buchen\"}]},{\"@type\":\"WebSite\",\"@id\":\"https:\/\/platiniumrewal.pl\/de\/#website\",\"url\":\"https:\/\/platiniumrewal.pl\/de\/\",\"name\":\"Platinium Rewal Aparthotel\",\"description\":\"Apartments am Meer in Rewal\",\"potentialAction\":[{\"@type\":\"SearchAction\",\"target\":{\"@type\":\"EntryPoint\",\"urlTemplate\":\"https:\/\/platiniumrewal.pl\/de\/?s={search_term_string}\"},\"query-input\":{\"@type\":\"PropertyValueSpecification\",\"valueRequired\":true,\"valueName\":\"search_term_string\"}}],\"inLanguage\":\"de\"}]}<\/script>\n<!-- \/ Yoast SEO plugin. -->","yoast_head_json":{"title":"Apartment buchen &#8211; Platinium Rewal Aparthotel","robots":{"index":"index","follow":"follow","max-snippet":"max-snippet:-1","max-image-preview":"max-image-preview:large","max-video-preview":"max-video-preview:-1"},"canonical":"https:\/\/platiniumrewal.pl\/de\/apartment-buchen\/","og_locale":"de_DE","og_type":"article","og_title":"Apartment buchen &#8211; Platinium Rewal Aparthotel","og_description":"[vc_row][vc_column width=&#8220;1\/2&#8243;][vc_column_text css=&#8220;&#8220;] Reservierung des Appartments Bevor Sie mit der Buchung in 2026 beginnen, lesen Sie bitte die folgende Tabelle, die Sie \u00fcber die Mindesturlaubsdauer informiert: HOCHSAISON MITTELSAISON NEBENSAISON 26.06.-31.08. SOMMERFERIEN *04.04.-07.04.OSTERN *01.05.-03.05. MAIFEIERTAGE 04.05.-03.06. *04.06.-07.06. FRONLEICHNAM 08.06. &#8211; 25.06. 01.09. &#8211; 30.09. *24.12.2026-01.01.2027 WEIHNACHTEN\/SILVESTER 01.02. &#8211; 04.04. 08.04. &#8211; 30.04. 01.10.-23.12. 02.01.-31.01.2027 mindestens 5&hellip;","og_url":"https:\/\/platiniumrewal.pl\/de\/apartment-buchen\/","og_site_name":"Platinium Rewal Aparthotel","article_modified_time":"2026-01-13T14:40:50+00:00","twitter_card":"summary_large_image","twitter_misc":{"Gesch\u00e4tzte Lesezeit":"1\u00a0Minute"},"schema":{"@context":"https:\/\/schema.org","@graph":[{"@type":"WebPage","@id":"https:\/\/platiniumrewal.pl\/de\/apartment-buchen\/","url":"https:\/\/platiniumrewal.pl\/de\/apartment-buchen\/","name":"Apartment buchen &#8211; Platinium Rewal Aparthotel","isPartOf":{"@id":"https:\/\/platiniumrewal.pl\/de\/#website"},"datePublished":"2020-06-03T21:55:26+00:00","dateModified":"2026-01-13T14:40:50+00:00","breadcrumb":{"@id":"https:\/\/platiniumrewal.pl\/de\/apartment-buchen\/#breadcrumb"},"inLanguage":"de","potentialAction":[{"@type":"ReadAction","target":["https:\/\/platiniumrewal.pl\/de\/apartment-buchen\/"]}]},{"@type":"BreadcrumbList","@id":"https:\/\/platiniumrewal.pl\/de\/apartment-buchen\/#breadcrumb","itemListElement":[{"@type":"ListItem","position":1,"name":"Strona g\u0142\u00f3wna","item":"https:\/\/platiniumrewal.pl\/de\/"},{"@type":"ListItem","position":2,"name":"Apartment buchen"}]},{"@type":"WebSite","@id":"https:\/\/platiniumrewal.pl\/de\/#website","url":"https:\/\/platiniumrewal.pl\/de\/","name":"Platinium Rewal Aparthotel","description":"Apartments am Meer in Rewal","potentialAction":[{"@type":"SearchAction","target":{"@type":"EntryPoint","urlTemplate":"https:\/\/platiniumrewal.pl\/de\/?s={search_term_string}"},"query-input":{"@type":"PropertyValueSpecification","valueRequired":true,"valueName":"search_term_string"}}],"inLanguage":"de"}]}},"_links":{"self":[{"href":"https:\/\/platiniumrewal.pl\/de\/wp-json\/wp\/v2\/pages\/573","targetHints":{"allow":["GET"]}}],"collection":[{"href":"https:\/\/platiniumrewal.pl\/de\/wp-json\/wp\/v2\/pages"}],"about":[{"href":"https:\/\/platiniumrewal.pl\/de\/wp-json\/wp\/v2\/types\/page"}],"author":[{"embeddable":true,"href":"https:\/\/platiniumrewal.pl\/de\/wp-json\/wp\/v2\/users\/1"}],"replies":[{"embeddable":true,"href":"https:\/\/platiniumrewal.pl\/de\/wp-json\/wp\/v2\/comments?post=573"}],"version-history":[{"count":12,"href":"https:\/\/platiniumrewal.pl\/de\/wp-json\/wp\/v2\/pages\/573\/revisions"}],"predecessor-version":[{"id":5544,"href":"https:\/\/platiniumrewal.pl\/de\/wp-json\/wp\/v2\/pages\/573\/revisions\/5544"}],"wp:attachment":[{"href":"https:\/\/platiniumrewal.pl\/de\/wp-json\/wp\/v2\/media?parent=573"}],"curies":[{"name":"wp","href":"https:\/\/api.w.org\/{rel}","templated":true}]}}